{"id":2776,"date":"2022-07-20T09:34:52","date_gmt":"2022-07-20T09:34:52","guid":{"rendered":"https:\/\/help.iristrace.com\/?page_id=2776"},"modified":"2024-09-11T11:43:07","modified_gmt":"2024-09-11T11:43:07","slug":"helpdesk-ge","status":"publish","type":"page","link":"https:\/\/help.iristrace.com\/de\/","title":{"rendered":"HelpDesk GE"},"content":{"rendered":"<div class=\"betterdocs-searchbox-wiiroe2\"><div class=\"betterdocs-search-modal-layout-1\" id=\"betterdocs-search-modal\" data-placeholder=\"Search\" data-headingtag=\"h2\" data-subheadingtag=\"h3\" data-buttontext=\"Search\" data-numberofdocs=\"5\" data-numberoffaqs=\"5\" data-enable_faq_search=\"1\" data-enable_docs_search=\"1\"><\/div><\/div>\n\n\n<div\n\tclass=\"betterdocs-category-grid-wrapper betterdocs-blocks-grid betterdocs-blocks betterdocs-categorygrid-ugn08i6\">\n\t<div\n\t\tclass=\"betterdocs-category-grid-inner-wrapper layout-flex layout-1 grid betterdocs-column-3 betterdocs-column-tablet-2 betterdocs-column-mobile-1\" data-column_desktop=\"3\" data-column_tab=\"2\" data-column_mobile=\"1\" data-column_space_desktop=\"1\" data-colomn_space_tab=\"10\" data-colomn_space_mobile=\"10\">\n\t\t\n<article\n\tdata-id=\"128\" class=\"betterdocs-single-category-wrapper category-grid default\">\n\t<div class=\"betterdocs-single-category-inner\">\n\t\t\n<div class=\"betterdocs-category-header\">\n\t<div class=\"betterdocs-category-header-inner\">\n\t\t\n<div class=\"betterdocs-category-icon\">\n\t<img decoding=\"async\" alt=\"\" class=\"betterdocs-category-icon-img\" src=\"https:\/\/help.iristrace.com\/wp-content\/uploads\/2022\/07\/02primerospasos.svg\" \/><\/div>\n<h2 class=\"betterdocs-category-title\">Erste Schritte<\/h2>\n<div data-count=\"6\" class=\"betterdocs-category-items-counts\">\n\t<span>\n\t\t 6 \t<\/span>\n<\/div>\n\t<\/div>\n<\/div>\n<div class=\"betterdocs-body\">\n<ul class=\"betterdocs-articles-list\">\n\t<li><i class=\"far fa-file-alt\"><\/i><a href=\"https:\/\/help.iristrace.com\/de\/docs\/wie-sie-iristrace-mit-ihrem-firmenimage-oder-logo-anpassen-koennen\/\"><span>Wie Sie Iristrace mit Ihrem Firmenimage oder Logo anpassen k\u00f6nnen<\/span> <\/a><\/li><li><i class=\"far fa-file-alt\"><\/i><a href=\"https:\/\/help.iristrace.com\/de\/docs\/so-passen-sie-ihre-iristrace-umgebung-an\/\"><span>So passen Sie Ihre Iristrace-Umgebung an<\/span> <\/a><\/li><li><i class=\"far fa-file-alt\"><\/i><a href=\"https:\/\/help.iristrace.com\/de\/docs\/wie-man-auf-die-iristrace-web-desktop-plattform-zugreift\/\"><span>Wie man auf die Iristrace Web\/Desktop-Plattform zugreift<\/span> <\/a><\/li><\/ul>\n<\/div>\n<div class=\"betterdocs-footer\">\n\t\n<a class=\"docs-cat-link-btn betterdocs-category-link-btn\" href=\"https:\/\/help.iristrace.com\/de\/docs-category\/erste-schritte-de\/\">\n\tSee more<i class=\"fas fa-angle-right\"><\/i><\/a>\n<\/div>\n\t<\/div>\n<\/article>\n\n<article\n\tdata-id=\"138\" class=\"betterdocs-single-category-wrapper category-grid default\">\n\t<div class=\"betterdocs-single-category-inner\">\n\t\t\n<div class=\"betterdocs-category-header\">\n\t<div class=\"betterdocs-category-header-inner\">\n\t\t\n<div class=\"betterdocs-category-icon\">\n\t<img decoding=\"async\" alt=\"\" class=\"betterdocs-category-icon-img\" src=\"https:\/\/help.iristrace.com\/wp-content\/uploads\/2022\/07\/06checklist.svg\" \/><\/div>\n<h2 class=\"betterdocs-category-title\">Checklisten<\/h2>\n<div data-count=\"15\" class=\"betterdocs-category-items-counts\">\n\t<span>\n\t\t 15 \t<\/span>\n<\/div>\n\t<\/div>\n<\/div>\n<div class=\"betterdocs-body\">\n<ul class=\"betterdocs-articles-list\">\n\t<li><i class=\"far fa-file-alt\"><\/i><a href=\"https:\/\/help.iristrace.com\/de\/docs\/erstellen-und-beantworten-einer-checkliste-in-der-web-version-von-iristrace-2\/\"><span>Erstellen und Beantworten einer Checkliste in der Web-Version von Iristrace<\/span> <\/a><\/li><li><i class=\"far fa-file-alt\"><\/i><a href=\"https:\/\/help.iristrace.com\/de\/docs\/beantwortung-einer-checkliste-ueber-die-iristrace-mobile-app\/\"><span>Beantwortung einer Checkliste \u00fcber die Iristrace Mobile App<\/span> <\/a><\/li><li><i class=\"far fa-file-alt\"><\/i><a href=\"https:\/\/help.iristrace.com\/de\/docs\/erstellen-und-beantworten-einer-checkliste-in-der-web-version-von-iristrace\/\"><span>Erstellen und Beantworten einer Checkliste in der Web-Version von Iristrace<\/span> <\/a><\/li><\/ul>\n<\/div>\n<div class=\"betterdocs-footer\">\n\t\n<a class=\"docs-cat-link-btn betterdocs-category-link-btn\" href=\"https:\/\/help.iristrace.com\/de\/docs-category\/checklisten\/\">\n\tSee more<i class=\"fas fa-angle-right\"><\/i><\/a>\n<\/div>\n\t<\/div>\n<\/article>\n\n<article\n\tdata-id=\"168\" class=\"betterdocs-single-category-wrapper category-grid default\">\n\t<div class=\"betterdocs-single-category-inner\">\n\t\t\n<div class=\"betterdocs-category-header\">\n\t<div class=\"betterdocs-category-header-inner\">\n\t\t\n<div class=\"betterdocs-category-icon\">\n\t<img decoding=\"async\" alt=\"\" class=\"betterdocs-category-icon-img\" src=\"https:\/\/help.iristrace.com\/wp-content\/uploads\/2022\/07\/03plantillas.svg\" \/><\/div>\n<h2 class=\"betterdocs-category-title\">Vorlagen<\/h2>\n<div data-count=\"16\" class=\"betterdocs-category-items-counts\">\n\t<span>\n\t\t 16 \t<\/span>\n<\/div>\n\t<\/div>\n<\/div>\n<div class=\"betterdocs-body\">\n<ul class=\"betterdocs-articles-list\">\n\t<li><i class=\"far fa-file-alt\"><\/i><a href=\"https:\/\/help.iristrace.com\/de\/docs\/como-configurar-la-visibilidad-de-categorias-en-un-checklist-segun-el-estado\/\"><span>So konfigurieren Sie die Sichtbarkeit eines Fragenabschnitts in einer Checkliste anhand ihres Zustands<\/span> <\/a><\/li><li><i class=\"far fa-file-alt\"><\/i><a href=\"https:\/\/help.iristrace.com\/de\/docs\/wie-man-vorlagen-in-iristrace-erstellt\/\"><span>Wie man Vorlagen in Iristrace erstellt<\/span> <\/a><\/li><li><i class=\"far fa-file-alt\"><\/i><a href=\"https:\/\/help.iristrace.com\/de\/docs\/welche-arten-von-fragen-koennen-konfiguriert-werden\/\"><span>Welche Arten von Fragen k\u00f6nnen konfiguriert werden?<\/span> <\/a><\/li><\/ul>\n<\/div>\n<div class=\"betterdocs-footer\">\n\t\n<a class=\"docs-cat-link-btn betterdocs-category-link-btn\" href=\"https:\/\/help.iristrace.com\/de\/docs-category\/vorlagen\/\">\n\tSee more<i class=\"fas fa-angle-right\"><\/i><\/a>\n<\/div>\n\t<\/div>\n<\/article>\n\n<article\n\tdata-id=\"172\" class=\"betterdocs-single-category-wrapper category-grid default\">\n\t<div class=\"betterdocs-single-category-inner\">\n\t\t\n<div class=\"betterdocs-category-header\">\n\t<div class=\"betterdocs-category-header-inner\">\n\t\t\n<div class=\"betterdocs-category-icon\">\n\t<img decoding=\"async\" alt=\"\" class=\"betterdocs-category-icon-img\" src=\"https:\/\/help.iristrace.com\/wp-content\/uploads\/2022\/07\/07workflows.svg\" \/><\/div>\n<h2 class=\"betterdocs-category-title\">Workflows<\/h2>\n<div data-count=\"2\" class=\"betterdocs-category-items-counts\">\n\t<span>\n\t\t 2 \t<\/span>\n<\/div>\n\t<\/div>\n<\/div>\n<div class=\"betterdocs-body\">\n<ul class=\"betterdocs-articles-list\">\n\t<li><i class=\"far fa-file-alt\"><\/i><a href=\"https:\/\/help.iristrace.com\/de\/docs\/so-erstellen-sie-einen-workflow-zum-versenden-von-benachrichtigungen-per-e-mail\/\"><span>So erstellen Sie einen Workflow zum Versenden von Benachrichtigungen per E-Mail<\/span> <\/a><\/li><li><i class=\"far fa-file-alt\"><\/i><a href=\"https:\/\/help.iristrace.com\/de\/docs\/so-erstellen-sie-einen-workflow-zur-erstellung-von-checklisten\/\"><span>So erstellen Sie einen Workflow zur Erstellung von Checklisten<\/span> <\/a><\/li><\/ul>\n<\/div>\t<\/div>\n<\/article>\n\n<article\n\tdata-id=\"166\" class=\"betterdocs-single-category-wrapper category-grid default\">\n\t<div class=\"betterdocs-single-category-inner\">\n\t\t\n<div class=\"betterdocs-category-header\">\n\t<div class=\"betterdocs-category-header-inner\">\n\t\t\n<div class=\"betterdocs-category-icon\">\n\t<img decoding=\"async\" alt=\"\" class=\"betterdocs-category-icon-img\" src=\"https:\/\/help.iristrace.com\/wp-content\/uploads\/2022\/07\/05usuarios.svg\" \/><\/div>\n<h2 class=\"betterdocs-category-title\">Benutzer<\/h2>\n<div data-count=\"4\" class=\"betterdocs-category-items-counts\">\n\t<span>\n\t\t 4 \t<\/span>\n<\/div>\n\t<\/div>\n<\/div>\n<div class=\"betterdocs-body\">\n<ul class=\"betterdocs-articles-list\">\n\t<li><i class=\"far fa-file-alt\"><\/i><a href=\"https:\/\/help.iristrace.com\/de\/docs\/checklist-access-control-restrict-checklist-visibility-by-user-and-template\/\"><span>Checklisten-Zugriffskontrolle: Einschr\u00e4nkung der Checklisten-Sichtbarkeit nach Benutzer und Vorlage<\/span> <\/a><\/li><li><i class=\"far fa-file-alt\"><\/i><a href=\"https:\/\/help.iristrace.com\/de\/docs\/so-erstellen-sie-eine-benutzergruppe\/\"><span>So erstellen Sie eine Benutzergruppe<\/span> <\/a><\/li><li><i class=\"far fa-file-alt\"><\/i><a href=\"https:\/\/help.iristrace.com\/de\/docs\/benutzerdefinierte-berechtigungen-verwalten\/\"><span>Benutzerdefinierte Berechtigungen verwalten<\/span> <\/a><\/li><\/ul>\n<\/div>\n<div class=\"betterdocs-footer\">\n\t\n<a class=\"docs-cat-link-btn betterdocs-category-link-btn\" href=\"https:\/\/help.iristrace.com\/de\/docs-category\/benutzer\/\">\n\tSee more<i class=\"fas fa-angle-right\"><\/i><\/a>\n<\/div>\n\t<\/div>\n<\/article>\n\n<article\n\tdata-id=\"175\" class=\"betterdocs-single-category-wrapper category-grid default\">\n\t<div class=\"betterdocs-single-category-inner\">\n\t\t\n<div class=\"betterdocs-category-header\">\n\t<div class=\"betterdocs-category-header-inner\">\n\t\t\n<div class=\"betterdocs-category-icon\">\n\t<img decoding=\"async\" alt=\"\" class=\"betterdocs-category-icon-img\" src=\"https:\/\/help.iristrace.com\/wp-content\/uploads\/2022\/07\/04departamentos.svg\" \/><\/div>\n<h2 class=\"betterdocs-category-title\">Abteilungen<\/h2>\n<div data-count=\"5\" class=\"betterdocs-category-items-counts\">\n\t<span>\n\t\t 5 \t<\/span>\n<\/div>\n\t<\/div>\n<\/div>\n<div class=\"betterdocs-body\">\n<ul class=\"betterdocs-articles-list\">\n\t<li><i class=\"far fa-file-alt\"><\/i><a href=\"https:\/\/help.iristrace.com\/de\/docs\/wie-man-eine-abteilung-erstellt\/\"><span>Wie man eine Abteilung erstellt<\/span> <\/a><\/li><li><i class=\"far fa-file-alt\"><\/i><a href=\"https:\/\/help.iristrace.com\/de\/docs\/was-sind-wohnungen-in-iristrace\/\"><span>Was sind Wohnungen in Iristrace<\/span> <\/a><\/li><li><i class=\"far fa-file-alt\"><\/i><a href=\"https:\/\/help.iristrace.com\/de\/docs\/wie-man-unterabteilungen-erstellt\/\"><span>Wie man Unterabteilungen erstellt<\/span> <\/a><\/li><\/ul>\n<\/div>\n<div class=\"betterdocs-footer\">\n\t\n<a class=\"docs-cat-link-btn betterdocs-category-link-btn\" href=\"https:\/\/help.iristrace.com\/de\/docs-category\/abteilungen\/\">\n\tSee more<i class=\"fas fa-angle-right\"><\/i><\/a>\n<\/div>\n\t<\/div>\n<\/article>\n\n<article\n\tdata-id=\"165\" class=\"betterdocs-single-category-wrapper category-grid default\">\n\t<div class=\"betterdocs-single-category-inner\">\n\t\t\n<div class=\"betterdocs-category-header\">\n\t<div class=\"betterdocs-category-header-inner\">\n\t\t\n<div class=\"betterdocs-category-icon\">\n\t<img decoding=\"async\" alt=\"\" class=\"betterdocs-category-icon-img\" src=\"https:\/\/help.iristrace.com\/wp-content\/uploads\/2022\/07\/09informes.svg\" \/><\/div>\n<h2 class=\"betterdocs-category-title\">Berichte<\/h2>\n<div data-count=\"1\" class=\"betterdocs-category-items-counts\">\n\t<span>\n\t\t 1 \t<\/span>\n<\/div>\n\t<\/div>\n<\/div>\n<div class=\"betterdocs-body\">\n<ul class=\"betterdocs-articles-list\">\n\t<li><i class=\"far fa-file-alt\"><\/i><a href=\"https:\/\/help.iristrace.com\/de\/docs\/wie-man-pdf-berichte-anpasst\/\"><span>Wie man PDF-Berichte anpasst<\/span> <\/a><\/li><\/ul>\n<\/div>\t<\/div>\n<\/article>\n\n<article\n\tdata-id=\"178\" class=\"betterdocs-single-category-wrapper category-grid default\">\n\t<div class=\"betterdocs-single-category-inner\">\n\t\t\n<div class=\"betterdocs-category-header\">\n\t<div class=\"betterdocs-category-header-inner\">\n\t\t\n<div class=\"betterdocs-category-icon\">\n\t<img decoding=\"async\" alt=\"\" class=\"betterdocs-category-icon-img\" src=\"https:\/\/help.iristrace.com\/wp-content\/uploads\/2022\/07\/10notificaciones.svg\" \/><\/div>\n<h2 class=\"betterdocs-category-title\">Benachrichtigungen<\/h2>\n<div data-count=\"4\" class=\"betterdocs-category-items-counts\">\n\t<span>\n\t\t 4 \t<\/span>\n<\/div>\n\t<\/div>\n<\/div>\n<div class=\"betterdocs-body\">\n<ul class=\"betterdocs-articles-list\">\n\t<li><i class=\"far fa-file-alt\"><\/i><a href=\"https:\/\/help.iristrace.com\/de\/docs\/wie-erzeugt-man-eine-benachrichtigung-nach-einer-bestimmten-zeitspanne\/\"><span>Wie erzeugt man eine Benachrichtigung nach einer bestimmten Zeitspanne?<\/span> <\/a><\/li><li><i class=\"far fa-file-alt\"><\/i><a href=\"https:\/\/help.iristrace.com\/de\/docs\/so-richten-sie-eine-automatische-sofortnachricht-benachrichtigungen-ein\/\"><span>So richten Sie eine automatische Sofortnachricht (Benachrichtigungen) ein<\/span> <\/a><\/li><li><i class=\"far fa-file-alt\"><\/i><a href=\"https:\/\/help.iristrace.com\/de\/docs\/erstellen-einer-benachrichtigung-basierend-auf-einem-automatischen-ereignis\/\"><span>Erstellen einer Benachrichtigung basierend auf einem automatischen Ereignis<\/span> <\/a><\/li><\/ul>\n<\/div>\n<div class=\"betterdocs-footer\">\n\t\n<a class=\"docs-cat-link-btn betterdocs-category-link-btn\" href=\"https:\/\/help.iristrace.com\/de\/docs-category\/benachrichtigungen\/\">\n\tSee more<i class=\"fas fa-angle-right\"><\/i><\/a>\n<\/div>\n\t<\/div>\n<\/article>\n\n<article\n\tdata-id=\"164\" class=\"betterdocs-single-category-wrapper category-grid default\">\n\t<div class=\"betterdocs-single-category-inner\">\n\t\t\n<div class=\"betterdocs-category-header\">\n\t<div class=\"betterdocs-category-header-inner\">\n\t\t\n<div class=\"betterdocs-category-icon\">\n\t<img decoding=\"async\" alt=\"\" class=\"betterdocs-category-icon-img\" src=\"https:\/\/help.iristrace.com\/wp-content\/uploads\/2022\/07\/11explotaciondatos.svg\" \/><\/div>\n<h2 class=\"betterdocs-category-title\">Daten herunterladen<\/h2>\n<div data-count=\"1\" class=\"betterdocs-category-items-counts\">\n\t<span>\n\t\t 1 \t<\/span>\n<\/div>\n\t<\/div>\n<\/div>\n<div class=\"betterdocs-body\">\n<ul class=\"betterdocs-articles-list\">\n\t<li><i class=\"far fa-file-alt\"><\/i><a href=\"https:\/\/help.iristrace.com\/de\/docs\/herunterladen-von-checklistendaten-im-excel-format\/\"><span>Herunterladen von Checklistendaten im Excel-Format<\/span> <\/a><\/li><\/ul>\n<\/div>\t<\/div>\n<\/article>\n\n<article\n\tdata-id=\"180\" class=\"betterdocs-single-category-wrapper category-grid default\">\n\t<div class=\"betterdocs-single-category-inner\">\n\t\t\n<div class=\"betterdocs-category-header\">\n\t<div class=\"betterdocs-category-header-inner\">\n\t\t\n<div class=\"betterdocs-category-icon\">\n\t<img decoding=\"async\" alt=\"\" class=\"betterdocs-category-icon-img\" src=\"https:\/\/help.iristrace.com\/wp-content\/uploads\/2022\/07\/10dashboards.svg\" \/><\/div>\n<h2 class=\"betterdocs-category-title\">Dashboard<\/h2>\n<div data-count=\"1\" class=\"betterdocs-category-items-counts\">\n\t<span>\n\t\t 1 \t<\/span>\n<\/div>\n\t<\/div>\n<\/div>\n<div class=\"betterdocs-body\">\n<ul class=\"betterdocs-articles-list\">\n\t<li><i class=\"far fa-file-alt\"><\/i><a href=\"https:\/\/help.iristrace.com\/de\/docs\/wie-man-ein-dashboard-erstellt\/\"><span>Wie man ein Dashboard erstellt<\/span> <\/a><\/li><\/ul>\n<\/div>\t<\/div>\n<\/article>\n\n<article\n\tdata-id=\"183\" class=\"betterdocs-single-category-wrapper category-grid default\">\n\t<div class=\"betterdocs-single-category-inner\">\n\t\t\n<div class=\"betterdocs-category-header\">\n\t<div class=\"betterdocs-category-header-inner\">\n\t\t\n<div class=\"betterdocs-category-icon\">\n\t<img decoding=\"async\" alt=\"\" class=\"betterdocs-category-icon-img\" src=\"https:\/\/help.iristrace.com\/wp-content\/uploads\/2022\/07\/01recomendaciones-01.svg\" \/><\/div>\n<h2 class=\"betterdocs-category-title\">Empfehlungen f\u00fcr die Verwendung<\/h2>\n<div data-count=\"3\" class=\"betterdocs-category-items-counts\">\n\t<span>\n\t\t 3 \t<\/span>\n<\/div>\n\t<\/div>\n<\/div>\n<div class=\"betterdocs-body\">\n<ul class=\"betterdocs-articles-list\">\n\t<li><i class=\"far fa-file-alt\"><\/i><a href=\"https:\/\/help.iristrace.com\/de\/docs\/so-loesen-sie-unstimmigkeiten-im-text-im-kalender\/\"><span>So l\u00f6sen Sie Unstimmigkeiten im Text im Kalender<\/span> <\/a><\/li><li><i class=\"far fa-file-alt\"><\/i><a href=\"https:\/\/help.iristrace.com\/de\/docs\/so-loesen-sie-die-haeufigsten-probleme-beim-iristrace-zugang\/\"><span>So l\u00f6sen Sie die h\u00e4ufigsten Probleme beim Iristrace-Zugang<\/span> <\/a><\/li><li><i class=\"far fa-file-alt\"><\/i><a href=\"https:\/\/help.iristrace.com\/de\/docs\/wie-man-die-haeufigsten-stabilitaetsprobleme-bei-webanwendungen-loest-2\/\"><span>Wie man die h\u00e4ufigsten Stabilit\u00e4tsprobleme bei Webanwendungen l\u00f6st<\/span> <\/a><\/li><\/ul>\n<\/div>\t<\/div>\n<\/article>\n\n<article\n\tdata-id=\"214\" class=\"betterdocs-single-category-wrapper category-grid default\">\n\t<div class=\"betterdocs-single-category-inner\">\n\t\t\n<div class=\"betterdocs-category-header\">\n\t<div class=\"betterdocs-category-header-inner\">\n\t\t\n<div class=\"betterdocs-category-icon\">\n\t<img decoding=\"async\" alt=\"\" class=\"betterdocs-category-icon-img\" src=\"https:\/\/help.iristrace.com\/wp-content\/uploads\/2023\/09\/15plugins.svg\" \/><\/div>\n<h2 class=\"betterdocs-category-title\">Integrationen &amp; BI<\/h2>\n<div data-count=\"6\" class=\"betterdocs-category-items-counts\">\n\t<span>\n\t\t 6 \t<\/span>\n<\/div>\n\t<\/div>\n<\/div>\n<div class=\"betterdocs-body\">\n<ul class=\"betterdocs-articles-list\">\n\t<li><i class=\"far fa-file-alt\"><\/i><a href=\"https:\/\/help.iristrace.com\/de\/docs\/intermediate-database-iristrace\/\"><span>Analytische Zwischendatenbank<\/span> <\/a><\/li><li><i class=\"far fa-file-alt\"><\/i><a href=\"https:\/\/help.iristrace.com\/de\/docs\/datenmodell\/\"><span>Datenmodell<\/span> <\/a><\/li><li><i class=\"far fa-file-alt\"><\/i><a href=\"https:\/\/help.iristrace.com\/de\/docs\/verbindung-von-mariadb-mit-microsoft-power-bi\/\"><span>Verbindung von MariaDB mit Microsoft Power BI<\/span> <\/a><\/li><\/ul>\n<\/div>\n<div class=\"betterdocs-footer\">\n\t\n<a class=\"docs-cat-link-btn betterdocs-category-link-btn\" href=\"https:\/\/help.iristrace.com\/de\/docs-category\/integrationen-bi\/\">\n\tSee more<i class=\"fas fa-angle-right\"><\/i><\/a>\n<\/div>\n\t<\/div>\n<\/article>\n\t<\/div>\n\t\t<div class=\"clearfix\"><\/div>\n\t<\/div>\n","protected":false},"excerpt":{"rendered":"","protected":false},"author":2,"featured_media":0,"parent":0,"menu_order":0,"comment_status":"closed","ping_status":"closed","template":"","meta":{"footnotes":""},"class_list":["post-2776","page","type-page","status-publish","hentry"],"_links":{"self":[{"href":"https:\/\/help.iristrace.com\/de\/wp-json\/wp\/v2\/pages\/2776","targetHints":{"allow":["GET"]}}],"collection":[{"href":"https:\/\/help.iristrace.com\/de\/wp-json\/wp\/v2\/pages"}],"about":[{"href":"https:\/\/help.iristrace.com\/de\/wp-json\/wp\/v2\/types\/page"}],"author":[{"embeddable":true,"href":"https:\/\/help.iristrace.com\/de\/wp-json\/wp\/v2\/users\/2"}],"replies":[{"embeddable":true,"href":"https:\/\/help.iristrace.com\/de\/wp-json\/wp\/v2\/comments?post=2776"}],"version-history":[{"count":8,"href":"https:\/\/help.iristrace.com\/de\/wp-json\/wp\/v2\/pages\/2776\/revisions"}],"predecessor-version":[{"id":5110,"href":"https:\/\/help.iristrace.com\/de\/wp-json\/wp\/v2\/pages\/2776\/revisions\/5110"}],"wp:attachment":[{"href":"https:\/\/help.iristrace.com\/de\/wp-json\/wp\/v2\/media?parent=2776"}],"curies":[{"name":"wp","href":"https:\/\/api.w.org\/{rel}","templated":true}]}}